{"id":692,"date":"2023-02-14T02:11:24","date_gmt":"2023-02-14T02:11:24","guid":{"rendered":"http:\/\/ildworks.com\/builds\/omni\/technology\/?page_id=692"},"modified":"2023-03-12T18:18:21","modified_gmt":"2023-03-12T18:18:21","slug":"fallstudie","status":"publish","type":"page","link":"https:\/\/www.omnilingua.co.uk\/technology\/de\/kommentare\/fallstudie\/","title":{"rendered":"Fallstudie"},"content":{"rendered":"<p>[et_pb_section fb_built=&#8221;1&#8243; disabled_on=&#8221;off|off|off&#8221; admin_label=&#8221;About&#8221; _builder_version=&#8221;4.19.5&#8243; _module_preset=&#8221;default&#8221; custom_padding=&#8221;0px||0px||true|false&#8221; locked=&#8221;off&#8221; collapsed=&#8221;off&#8221; global_colors_info=&#8221;{}&#8221;][et_pb_row use_custom_gutter=&#8221;on&#8221; gutter_width=&#8221;1&#8243; make_equal=&#8221;on&#8221; _builder_version=&#8221;4.19.5&#8243; _module_preset=&#8221;default&#8221; width=&#8221;100%&#8221; max_width=&#8221;100%&#8221; custom_padding=&#8221;0px||0px||true|false&#8221; global_colors_info=&#8221;{}&#8221;][et_pb_column type=&#8221;4_4&#8243; _builder_version=&#8221;4.19.5&#8243; _module_preset=&#8221;default&#8221; background_color=&#8221;#0abde3&#8243; background_image=&#8221;https:\/\/www.omnilingua.co.uk\/technology\/wp-content\/uploads\/sites\/3\/2023\/02\/Omni-19Bsq-3.jpg&#8221; background_position=&#8221;bottom_center&#8221; background_blend=&#8221;multiply&#8221; custom_padding=&#8221;8%|10%|8%|10%|true|true&#8221; global_colors_info=&#8221;{}&#8221;][et_pb_text _builder_version=&#8221;4.19.5&#8243; _module_preset=&#8221;b327cbe4-b1d5-4b66-ad37-40c8f2f061ba&#8221; header_font=&#8221;|||on|||||&#8221; header_text_align=&#8221;center&#8221; header_text_color=&#8221;#f9f9f9&#8243; header_font_size=&#8221;50px&#8221; header_2_font=&#8221;Playfair Display|700|||||||&#8221; header_2_text_color=&#8221;#000000&#8243; header_2_font_size=&#8221;45px&#8221; header_2_line_height=&#8221;1.35em&#8221; custom_margin=&#8221;||||false|false&#8221; header_2_font_size_tablet=&#8221;32px&#8221; header_2_font_size_phone=&#8221;20px&#8221; header_2_font_size_last_edited=&#8221;on|desktop&#8221; global_colors_info=&#8221;{}&#8221;]<\/p>\n<h1>Fallstudie<\/h1>\n<p>[\/et_pb_text][\/et_pb_column][\/et_pb_row][\/et_pb_section][et_pb_section fb_built=&#8221;1&#8243; admin_label=&#8221;Header&#8221; _builder_version=&#8221;4.19.5&#8243; _module_preset=&#8221;default&#8221; background_color=&#8221;#f9f9f9&#8243; custom_padding=&#8221;0px||0px||true|false&#8221; collapsed=&#8221;on&#8221; global_colors_info=&#8221;{}&#8221;][et_pb_row column_structure=&#8221;3_5,2_5&#8243; use_custom_gutter=&#8221;on&#8221; gutter_width=&#8221;1&#8243; make_equal=&#8221;on&#8221; _builder_version=&#8221;4.20.2&#8243; _module_preset=&#8221;default&#8221; width=&#8221;100%&#8221; max_width=&#8221;none&#8221; custom_padding=&#8221;0px||0px||false|false&#8221; hover_enabled=&#8221;0&#8243; module_alignment_tablet=&#8221;center&#8221; module_alignment_phone=&#8221;center&#8221; module_alignment_last_edited=&#8221;off|desktop&#8221; global_colors_info=&#8221;{}&#8221; sticky_enabled=&#8221;0&#8243;][et_pb_column type=&#8221;3_5&#8243; _builder_version=&#8221;4.19.5&#8243; _module_preset=&#8221;default&#8221; background_color=&#8221;#f9f9f9&#8243; z_index=&#8221;10&#8243; custom_padding=&#8221;5%|8%|5%|8%|true|true&#8221; custom_padding_tablet=&#8221;|0px|||true|false&#8221; custom_padding_phone=&#8221;|0px|||true|false&#8221; custom_padding_last_edited=&#8221;off|tablet&#8221; global_colors_info=&#8221;{}&#8221;][et_pb_text module_class=&#8221;pa-bullet-list-2&#8243; _builder_version=&#8221;4.19.5&#8243; _module_preset=&#8221;default&#8221; global_colors_info=&#8221;{}&#8221;]<\/p>\n<p><strong>Im Laufe der Jahre wechselte ein gro\u00dfes internationales Unternehmen von einer \u00dcbersetzungsagentur zur anderen, immer auf der Suche nach h\u00f6herer Qualit\u00e4t und konsistenten und verl\u00e4sslichen \u00dcbersetzungen.<\/strong><\/p>\n<p><strong><\/strong><\/p>\n<ul>\n<li>Die st\u00e4ndig Suche nach neuen Agenturen vergeudete wertvolle Managementzeit des Unternehmens.<\/li>\n<li>Der Einsatz verschiedenster \u00dcbersetzer f\u00fchrte zur inkonsistenten Qualit\u00e4t der \u00dcbersetzungen innerhalb der gesamten Produktpalette.<\/li>\n<li>Es kam zu Unstimmigkeiten und Diskussionen in Bezug auf den Preis aufgrund der unterschiedlichen Abrechnungsmethoden der einzelnen Agenturen, wobei einige versteckte Zusatzkosten nach Abschluss der \u00dcbersetzung in Rechnung stellten.<\/li>\n<li>Die Niederlassungen vor Ort waren es leid, st\u00e4ndig Terminologie und Referenzmaterial f\u00fcr wieder andere \u00dcbersetzer bereitzustellen.<\/li>\n<li>Beschwerden gab es auch, wegen der ineffektiven Verfahren beim Korrekturlesen.<\/li>\n<li>Der st\u00e4ndige Wechsel der Dienstleister f\u00fcr \u00dcbersetzungen verhinderte das Entwickeln eines vertrauensvollen Verh\u00e4ltnisses zwischen den Projektmanagern des Unternehmens und der Agentur.<\/li>\n<li>Die Unerfahrenheit des Kunden im Bereich Management des Drucks mehrsprachiger Dokumente f\u00fchrte zu exorbitanten Druckkosten<\/li>\n<\/ul>\n<p>[\/et_pb_text][\/et_pb_column][et_pb_column type=&#8221;2_5&#8243; _builder_version=&#8221;4.20.2&#8243; _module_preset=&#8221;default&#8221; background_image=&#8221;https:\/\/www.omnilingua.co.uk\/technology\/wp-content\/uploads\/sites\/3\/2023\/02\/Omni-27-3-3-1024&#215;683.jpg&#8221; parallax=&#8221;on&#8221; hover_enabled=&#8221;0&#8243; global_colors_info=&#8221;{}&#8221; title_text=&#8221;Omni-27-3-3&#8243; sticky_enabled=&#8221;0&#8243;][et_pb_divider show_divider=&#8221;off&#8221; _builder_version=&#8221;4.19.5&#8243; _module_preset=&#8221;default&#8221; height_tablet=&#8221;70vw&#8221; height_phone=&#8221;70vw&#8221; height_last_edited=&#8221;on|desktop&#8221; global_colors_info=&#8221;{}&#8221;][\/et_pb_divider][\/et_pb_column][\/et_pb_row][et_pb_row column_structure=&#8221;2_5,3_5&#8243; use_custom_gutter=&#8221;on&#8221; gutter_width=&#8221;1&#8243; make_equal=&#8221;on&#8221; _builder_version=&#8221;4.19.5&#8243; _module_preset=&#8221;default&#8221; width=&#8221;100%&#8221; max_width=&#8221;none&#8221; custom_padding=&#8221;0px||0px||false|false&#8221; module_alignment_tablet=&#8221;center&#8221; module_alignment_phone=&#8221;center&#8221; module_alignment_last_edited=&#8221;off|desktop&#8221; global_colors_info=&#8221;{}&#8221;][et_pb_column type=&#8221;2_5&#8243; _builder_version=&#8221;4.19.5&#8243; _module_preset=&#8221;default&#8221; background_image=&#8221;https:\/\/www.omnilingua.co.uk\/technology\/wp-content\/uploads\/sites\/3\/2023\/02\/Omni-4B-3.jpg&#8221; parallax=&#8221;on&#8221; global_colors_info=&#8221;{}&#8221;][et_pb_divider show_divider=&#8221;off&#8221; _builder_version=&#8221;4.19.5&#8243; _module_preset=&#8221;default&#8221; height_tablet=&#8221;70vw&#8221; height_phone=&#8221;70vw&#8221; height_last_edited=&#8221;on|desktop&#8221; global_colors_info=&#8221;{}&#8221;][\/et_pb_divider][\/et_pb_column][et_pb_column type=&#8221;3_5&#8243; _builder_version=&#8221;4.19.5&#8243; _module_preset=&#8221;default&#8221; background_color=&#8221;#e9edf4&#8243; z_index=&#8221;10&#8243; custom_padding=&#8221;5%|8%|5%|8%|true|true&#8221; custom_padding_tablet=&#8221;|0px|||true|false&#8221; custom_padding_phone=&#8221;|0px|||true|false&#8221; custom_padding_last_edited=&#8221;off|tablet&#8221; global_colors_info=&#8221;{}&#8221;][et_pb_text module_class=&#8221;pa-bullet-list-2&#8243; _builder_version=&#8221;4.19.5&#8243; _module_preset=&#8221;default&#8221; global_colors_info=&#8221;{}&#8221;]<\/p>\n<p><strong>Der Wechsel zu Omnilingua brachte dem Unternehmen Folgendes<\/strong><\/p>\n<p><strong><\/strong><\/p>\n<ul>\n<li>Verbesserte Steuerung und verbessertes Management von \u00dcbersetzungsprojekten.<\/li>\n<li>Nettoersparnis bei den Verwaltungskosten.<\/li>\n<li>Fach\u00fcbersetzungen von garantierter hoher Qualit\u00e4t, einschlie\u00dflich eines gr\u00fcndlichen Kontrollverfahrens durch die Verwendung der neusten relevanten Technologien.<\/li>\n<li>Eine Kontaktperson bei Omnilingua, die mit dem Unternehmen, seinen Qualit\u00e4tskriterien, seinen Produkten und seinen \u00dcbersetzungsbed\u00fcrfnissen bestens vertraut ist.<\/li>\n<li>Eine klare Vorgabe der tats\u00e4chlichen Gesamtkosten der \u00dcbersetzungen.<\/li>\n<li>Preisnachlass bei gro\u00dfen Volumina und Langzeitprojekten.<\/li>\n<li>Die Coporate Identity wird in der gesamten Produktpalette gewahrt.<\/li>\n<li>Hilfe beim Management von Schriftsatz und Druck, die zu einer \u00c4nderung der Druckmethode des Kunden und damit zu Kostenersparnis von bis zu 40 % f\u00fchrt.<\/li>\n<\/ul>\n<p>[\/et_pb_text][\/et_pb_column][\/et_pb_row][\/et_pb_section]<\/p>\n","protected":false},"excerpt":{"rendered":"<p>FallstudieIm Laufe der Jahre wechselte ein gro\u00dfes internationales Unternehmen von einer \u00dcbersetzungsagentur zur anderen, immer auf der Suche nach h\u00f6herer Qualit\u00e4t und konsistenten und verl\u00e4sslichen \u00dcbersetzungen. Die st\u00e4ndig Suche nach neuen Agenturen vergeudete wertvolle Managementzeit des Unternehmens. Der Einsatz verschiedenster \u00dcbersetzer f\u00fchrte zur inkonsistenten Qualit\u00e4t der \u00dcbersetzungen innerhalb der gesamten Produktpalette. Es kam zu Unstimmigkeiten [&hellip;]<\/p>\n","protected":false},"author":1,"featured_media":0,"parent":658,"menu_order":0,"comment_status":"closed","ping_status":"closed","template":"","meta":{"_et_pb_use_builder":"on","_et_pb_old_content":"","_et_gb_content_width":"","_monsterinsights_skip_tracking":false,"_monsterinsights_sitenote_active":false,"_monsterinsights_sitenote_note":"","_monsterinsights_sitenote_category":0,"footnotes":""},"_links":{"self":[{"href":"https:\/\/www.omnilingua.co.uk\/technology\/wp-json\/wp\/v2\/pages\/692"}],"collection":[{"href":"https:\/\/www.omnilingua.co.uk\/technology\/wp-json\/wp\/v2\/pages"}],"about":[{"href":"https:\/\/www.omnilingua.co.uk\/technology\/wp-json\/wp\/v2\/types\/page"}],"author":[{"embeddable":true,"href":"https:\/\/www.omnilingua.co.uk\/technology\/wp-json\/wp\/v2\/users\/1"}],"replies":[{"embeddable":true,"href":"https:\/\/www.omnilingua.co.uk\/technology\/wp-json\/wp\/v2\/comments?post=692"}],"version-history":[{"count":3,"href":"https:\/\/www.omnilingua.co.uk\/technology\/wp-json\/wp\/v2\/pages\/692\/revisions"}],"predecessor-version":[{"id":1291,"href":"https:\/\/www.omnilingua.co.uk\/technology\/wp-json\/wp\/v2\/pages\/692\/revisions\/1291"}],"up":[{"embeddable":true,"href":"https:\/\/www.omnilingua.co.uk\/technology\/wp-json\/wp\/v2\/pages\/658"}],"wp:attachment":[{"href":"https:\/\/www.omnilingua.co.uk\/technology\/wp-json\/wp\/v2\/media?parent=692"}],"curies":[{"name":"wp","href":"https:\/\/api.w.org\/{rel}","templated":true}]}}