{"id":663,"date":"2023-02-12T22:15:17","date_gmt":"2023-02-12T22:15:17","guid":{"rendered":"http:\/\/ildworks.com\/builds\/omni\/healthcare\/?page_id=663"},"modified":"2023-03-12T18:35:21","modified_gmt":"2023-03-12T18:35:21","slug":"preguntas-frecuentes","status":"publish","type":"page","link":"https:\/\/www.omnilingua.co.uk\/healthcare\/es\/preguntas-frecuentes\/","title":{"rendered":"Preguntas Frecuentes"},"content":{"rendered":"<p>[et_pb_section fb_built=&#8221;1&#8243; disabled_on=&#8221;off|off|off&#8221; admin_label=&#8221;About&#8221; _builder_version=&#8221;4.19.5&#8243; _module_preset=&#8221;default&#8221; custom_padding=&#8221;0px||0px||true|false&#8221; locked=&#8221;off&#8221; collapsed=&#8221;off&#8221; global_colors_info=&#8221;{}&#8221;][et_pb_row use_custom_gutter=&#8221;on&#8221; gutter_width=&#8221;1&#8243; make_equal=&#8221;on&#8221; _builder_version=&#8221;4.19.5&#8243; _module_preset=&#8221;default&#8221; width=&#8221;100%&#8221; max_width=&#8221;100%&#8221; custom_padding=&#8221;0px||0px||true|false&#8221; global_colors_info=&#8221;{}&#8221;][et_pb_column type=&#8221;4_4&#8243; _builder_version=&#8221;4.19.5&#8243; _module_preset=&#8221;default&#8221; background_color=&#8221;#10ac84&#8243; background_image=&#8221;https:\/\/www.omnilingua.co.uk\/healthcare\/wp-content\/uploads\/sites\/2\/2023\/02\/Omni-26.jpg&#8221; background_blend=&#8221;multiply&#8221; custom_padding=&#8221;8%|10%|8%|10%|true|true&#8221; global_colors_info=&#8221;{}&#8221;][et_pb_text _builder_version=&#8221;4.19.5&#8243; _module_preset=&#8221;b327cbe4-b1d5-4b66-ad37-40c8f2f061ba&#8221; header_font=&#8221;|||on|||||&#8221; header_text_align=&#8221;center&#8221; header_text_color=&#8221;#f9f9f9&#8243; header_font_size=&#8221;50px&#8221; header_2_font=&#8221;Playfair Display|700|||||||&#8221; header_2_text_color=&#8221;#000000&#8243; header_2_font_size=&#8221;45px&#8221; header_2_line_height=&#8221;1.35em&#8221; custom_margin=&#8221;||||false|false&#8221; header_2_font_size_tablet=&#8221;32px&#8221; header_2_font_size_phone=&#8221;20px&#8221; header_2_font_size_last_edited=&#8221;on|desktop&#8221; global_colors_info=&#8221;{}&#8221;]<\/p>\n<h1>Preguntas Frecuentes<\/h1>\n<p>[\/et_pb_text][\/et_pb_column][\/et_pb_row][\/et_pb_section][et_pb_section fb_built=&#8221;1&#8243; admin_label=&#8221;Header&#8221; _builder_version=&#8221;4.19.5&#8243; _module_preset=&#8221;default&#8221; background_color=&#8221;#f0f9f3&#8243; custom_padding=&#8221;||||true|false&#8221; collapsed=&#8221;on&#8221; global_colors_info=&#8221;{}&#8221;][et_pb_row column_structure=&#8221;1_2,1_2&#8243; use_custom_gutter=&#8221;on&#8221; gutter_width=&#8221;1&#8243; make_equal=&#8221;on&#8221; _builder_version=&#8221;4.20.2&#8243; _module_preset=&#8221;default&#8221; width=&#8221;90%&#8221; custom_padding=&#8221;0px||0px||false|true&#8221; hover_enabled=&#8221;0&#8243; module_alignment_tablet=&#8221;center&#8221; module_alignment_phone=&#8221;center&#8221; module_alignment_last_edited=&#8221;off|desktop&#8221; global_colors_info=&#8221;{}&#8221; max_width=&#8221;1920px&#8221; sticky_enabled=&#8221;0&#8243;][et_pb_column type=&#8221;1_2&#8243; _builder_version=&#8221;4.19.5&#8243; _module_preset=&#8221;default&#8221; z_index=&#8221;10&#8243; custom_padding=&#8221;30px|20px|30px|20px|true|true&#8221; custom_padding_tablet=&#8221;|0px|||true|false&#8221; custom_padding_phone=&#8221;|0px|||true|false&#8221; custom_padding_last_edited=&#8221;off|tablet&#8221; global_colors_info=&#8221;{}&#8221;][et_pb_text _builder_version=&#8221;4.19.5&#8243; _module_preset=&#8221;default&#8221; header_3_font=&#8221;Mulish|600|||||||&#8221; header_3_text_color=&#8221;#10ac84&#8243; header_3_font_size=&#8221;20px&#8221; header_3_line_height=&#8221;1.2em&#8221; custom_padding=&#8221;|0px||0px|false|true&#8221; global_colors_info=&#8221;{}&#8221;]<\/p>\n<h3>Necesito dise\u00f1ar y\/o producir un trabajo y dejarlo listo para su impresi\u00f3n. \u00bfQu\u00e9 paquetes puedo utilizar?<\/h3>\n<p><strong>Omnilingua<\/strong> puede trabajar con la mayor\u00eda de paquetes de edici\u00f3n electr\u00f3nica o de texto actualmente disponibles, como Quark, Framemaker y Pagemaker. Para trabajos de maquetaci\u00f3n m\u00e1s complejos, utilizamos a un experto de confianza en edici\u00f3n\/composici\u00f3n en otros idiomas.<\/p>\n<h3>Necesito el trabajo urgentemente para un importante congreso la semana que viene. \u00bfEstar\u00e1 listo a tiempo?<\/h3>\n<p><strong>Omnilingua<\/strong> s\u00f3lo trabajar\u00e1 con plazos realistas. No obstante, nos ajustaremos a sus fechas en la medida de lo posible. Si es necesario, podemos utilizar un equipo de dos o tres traductores para reducir el plazo de entrega. En el caso de la traducci\u00f3n, adem\u00e1s se necesitar\u00eda un proceso de armonizaci\u00f3n de terminolog\u00eda y estilos.<\/p>\n<h3>No ser\u00eda mejor ponerse en contacto directamente con traductores independientes?<\/h3>\n<p><strong>Omnilingua<\/strong> dispone de los recursos necesarios para asignar proyectos multiling\u00fces a los traductores m\u00e1s capacitados, as\u00ed como de la experiencia en gesti\u00f3n para coordinar proyectos entre diferentes puntos geogr\u00e1ficos. Hay pocas actividades que ocupen tanto tiempo de gesti\u00f3n y exijan un nivel tan elevado de experiencia. Al poner el trabajo en manos de Omnilingua, liberar\u00e1 a sus directivos de posibles riesgos relacionados con el tiempo y los gastos.[\/et_pb_text][\/et_pb_column][et_pb_column type=&#8221;1_2&#8243; _builder_version=&#8221;4.19.5&#8243; _module_preset=&#8221;default&#8221; z_index=&#8221;10&#8243; custom_padding=&#8221;30px|20px|30px|20px|true|true&#8221; custom_padding_tablet=&#8221;|0px|||true|false&#8221; custom_padding_phone=&#8221;|0px|||true|false&#8221; custom_padding_last_edited=&#8221;off|tablet&#8221; global_colors_info=&#8221;{}&#8221;][et_pb_text _builder_version=&#8221;4.19.5&#8243; _module_preset=&#8221;default&#8221; header_3_font=&#8221;Mulish|600|||||||&#8221; header_3_text_color=&#8221;#10ac84&#8243; header_3_font_size=&#8221;20px&#8221; header_3_line_height=&#8221;1.2em&#8221; custom_padding=&#8221;|0px||0px|false|true&#8221; global_colors_info=&#8221;{}&#8221;]<\/p>\n<h3>Si, por alguna raz\u00f3n, Omnilingua tiene que cambiar de traductores, \u00bfc\u00f3mo se mantendr\u00e1 la coherencia terminol\u00f3gica y estil\u00edstica?<\/h3>\n<p>Siempre proporcionamos material de referencia y glosarios a los traductores nuevos. Omnilingua puede crear para sus clientes glosarios espec\u00edficos de un idioma o sobre un tema determinado. Estos glosarios son herramientas de referencia de gran valor para los traductores que toman el relevo.<\/p>\n<h3>El material para traducir es extremadamente delicado. \u00bfC\u00f3mo puedo estar seguro de que se traducir\u00e1 al nivel de precisi\u00f3n que exigimos?<\/h3>\n<p>En primer lugar, programe tiempo suficiente para el proyecto: con m\u00e1s tiempo se minimizan los errores, se consigue una mayor fidelidad y se permite llevar a cabo un proceso completo de revisi\u00f3n. Omnilingua cree en la colaboraci\u00f3n de los socios internacionales de su empresa al principio del proceso de revisi\u00f3n, lo que permite una aportaci\u00f3n que se basa en su conocimiento del producto. En segundo lugar, Omnilingua reduce al m\u00ednimo los errores: los documentos se someten a unos estrictos procesos de revisi\u00f3n, no s\u00f3lo despu\u00e9s de la traducci\u00f3n, sino tambi\u00e9n despu\u00e9s de la edici\u00f3n o composici\u00f3n, y antes de la fase de impresi\u00f3n.<\/p>\n<h3>Actualmente utilizamos nuestros propios recursos internos como traductores y personal biling\u00fce. \u00bfPor qu\u00e9 cambiar?<\/h3>\n<p>Los traductores son ling\u00fcistas profesionales. Conocen sus \u00e1reas de especializaci\u00f3n y sus limitaciones. El personal interno o biling\u00fce s\u00f3lo se dar\u00e1 cuenta de que un proyecto supera sus conocimientos ling\u00fc\u00edsticos durante la realizaci\u00f3n del proyecto.[\/et_pb_text][\/et_pb_column][\/et_pb_row][\/et_pb_section]<\/p>\n","protected":false},"excerpt":{"rendered":"<p>Preguntas FrecuentesNecesito dise\u00f1ar y\/o producir un trabajo y dejarlo listo para su impresi\u00f3n. \u00bfQu\u00e9 paquetes puedo utilizar? Omnilingua puede trabajar con la mayor\u00eda de paquetes de edici\u00f3n electr\u00f3nica o de texto actualmente disponibles, como Quark, Framemaker y Pagemaker. Para trabajos de maquetaci\u00f3n m\u00e1s complejos, utilizamos a un experto de confianza en edici\u00f3n\/composici\u00f3n en otros idiomas. [&hellip;]<\/p>\n","protected":false},"author":1,"featured_media":0,"parent":0,"menu_order":0,"comment_status":"closed","ping_status":"closed","template":"","meta":{"_et_pb_use_builder":"on","_et_pb_old_content":"","_et_gb_content_width":"","_monsterinsights_skip_tracking":false,"_monsterinsights_sitenote_active":false,"_monsterinsights_sitenote_note":"","_monsterinsights_sitenote_category":0,"footnotes":""},"_links":{"self":[{"href":"https:\/\/www.omnilingua.co.uk\/healthcare\/wp-json\/wp\/v2\/pages\/663"}],"collection":[{"href":"https:\/\/www.omnilingua.co.uk\/healthcare\/wp-json\/wp\/v2\/pages"}],"about":[{"href":"https:\/\/www.omnilingua.co.uk\/healthcare\/wp-json\/wp\/v2\/types\/page"}],"author":[{"embeddable":true,"href":"https:\/\/www.omnilingua.co.uk\/healthcare\/wp-json\/wp\/v2\/users\/1"}],"replies":[{"embeddable":true,"href":"https:\/\/www.omnilingua.co.uk\/healthcare\/wp-json\/wp\/v2\/comments?post=663"}],"version-history":[{"count":3,"href":"https:\/\/www.omnilingua.co.uk\/healthcare\/wp-json\/wp\/v2\/pages\/663\/revisions"}],"predecessor-version":[{"id":921,"href":"https:\/\/www.omnilingua.co.uk\/healthcare\/wp-json\/wp\/v2\/pages\/663\/revisions\/921"}],"wp:attachment":[{"href":"https:\/\/www.omnilingua.co.uk\/healthcare\/wp-json\/wp\/v2\/media?parent=663"}],"curies":[{"name":"wp","href":"https:\/\/api.w.org\/{rel}","templated":true}]}}