{"id":659,"date":"2023-02-12T22:05:34","date_gmt":"2023-02-12T22:05:34","guid":{"rendered":"http:\/\/ildworks.com\/builds\/omni\/healthcare\/?page_id=659"},"modified":"2023-03-12T18:33:24","modified_gmt":"2023-03-12T18:33:24","slug":"fragen-und-antworten","status":"publish","type":"page","link":"https:\/\/www.omnilingua.co.uk\/healthcare\/de\/fragen-und-antworten\/","title":{"rendered":"Fragen und Antworten"},"content":{"rendered":"<p>[et_pb_section fb_built=&#8221;1&#8243; disabled_on=&#8221;off|off|off&#8221; admin_label=&#8221;About&#8221; _builder_version=&#8221;4.19.5&#8243; _module_preset=&#8221;default&#8221; custom_padding=&#8221;0px||0px||true|false&#8221; locked=&#8221;off&#8221; collapsed=&#8221;off&#8221; global_colors_info=&#8221;{}&#8221;][et_pb_row use_custom_gutter=&#8221;on&#8221; gutter_width=&#8221;1&#8243; make_equal=&#8221;on&#8221; _builder_version=&#8221;4.19.5&#8243; _module_preset=&#8221;default&#8221; width=&#8221;100%&#8221; max_width=&#8221;100%&#8221; custom_padding=&#8221;0px||0px||true|false&#8221; global_colors_info=&#8221;{}&#8221;][et_pb_column type=&#8221;4_4&#8243; _builder_version=&#8221;4.19.5&#8243; _module_preset=&#8221;default&#8221; background_color=&#8221;#10ac84&#8243; background_image=&#8221;https:\/\/www.omnilingua.co.uk\/healthcare\/wp-content\/uploads\/sites\/2\/2023\/02\/Omni-26.jpg&#8221; background_blend=&#8221;multiply&#8221; custom_padding=&#8221;8%|10%|8%|10%|true|true&#8221; global_colors_info=&#8221;{}&#8221;][et_pb_text _builder_version=&#8221;4.19.5&#8243; _module_preset=&#8221;b327cbe4-b1d5-4b66-ad37-40c8f2f061ba&#8221; header_font=&#8221;|||on|||||&#8221; header_text_align=&#8221;center&#8221; header_text_color=&#8221;#f9f9f9&#8243; header_font_size=&#8221;50px&#8221; header_2_font=&#8221;Playfair Display|700|||||||&#8221; header_2_text_color=&#8221;#000000&#8243; header_2_font_size=&#8221;45px&#8221; header_2_line_height=&#8221;1.35em&#8221; custom_margin=&#8221;||||false|false&#8221; header_2_font_size_tablet=&#8221;32px&#8221; header_2_font_size_phone=&#8221;20px&#8221; header_2_font_size_last_edited=&#8221;on|desktop&#8221; global_colors_info=&#8221;{}&#8221;]<\/p>\n<h1>Fragen und Antworten<\/h1>\n<p>[\/et_pb_text][\/et_pb_column][\/et_pb_row][\/et_pb_section][et_pb_section fb_built=&#8221;1&#8243; admin_label=&#8221;Header&#8221; _builder_version=&#8221;4.19.5&#8243; _module_preset=&#8221;default&#8221; background_color=&#8221;#f0f9f3&#8243; custom_padding=&#8221;||||true|false&#8221; collapsed=&#8221;on&#8221; global_colors_info=&#8221;{}&#8221;][et_pb_row column_structure=&#8221;1_2,1_2&#8243; use_custom_gutter=&#8221;on&#8221; gutter_width=&#8221;1&#8243; make_equal=&#8221;on&#8221; _builder_version=&#8221;4.20.2&#8243; _module_preset=&#8221;default&#8221; width=&#8221;90%&#8221; custom_padding=&#8221;0px||0px||false|true&#8221; hover_enabled=&#8221;0&#8243; module_alignment_tablet=&#8221;center&#8221; module_alignment_phone=&#8221;center&#8221; module_alignment_last_edited=&#8221;off|desktop&#8221; global_colors_info=&#8221;{}&#8221; max_width=&#8221;1920px&#8221; sticky_enabled=&#8221;0&#8243;][et_pb_column type=&#8221;1_2&#8243; _builder_version=&#8221;4.19.5&#8243; _module_preset=&#8221;default&#8221; z_index=&#8221;10&#8243; custom_padding=&#8221;30px|20px|30px|20px|true|true&#8221; custom_padding_tablet=&#8221;|0px|||true|false&#8221; custom_padding_phone=&#8221;|0px|||true|false&#8221; custom_padding_last_edited=&#8221;off|tablet&#8221; global_colors_info=&#8221;{}&#8221;][et_pb_text _builder_version=&#8221;4.19.5&#8243; _module_preset=&#8221;default&#8221; header_3_font=&#8221;Mulish|600|||||||&#8221; header_3_text_color=&#8221;#10ac84&#8243; header_3_font_size=&#8221;20px&#8221; header_3_line_height=&#8221;1.2em&#8221; custom_padding=&#8221;|0px||0px|false|true&#8221; global_colors_info=&#8221;{}&#8221;]<\/p>\n<h3>Ich brauche ein vollst\u00e4ndiges Design oder eine druckfertige Bearbeitung meines Auftrages. Welche Programme kann ich verwenden?<\/h3>\n<p><strong>Omnilingua<\/strong> kann Auftr\u00e4ge mit den meisten Textverarbeitungs- und DTP-Programmen wie QuarkXpress, FrameMaker und PageMaker bearbeiten. Komplexe Layoutarbeiten werden von erfahrenen Spezialisten mit einschl\u00e4giger Erfahrung im Fremdsprachensatz\/DTP ausgef\u00fchrt.<\/p>\n<h3>Ich brauche die Anfertigung dringend f\u00fcr eine wichtige Konferenz n\u00e4chste Woche. Wird sie rechtzeitig fertig sein?<\/h3>\n<p><strong>Omnilingua<\/strong> kann nur mit realistischen Abgabeterminen arbeiten. Wir werden aber alles M\u00f6gliche tun, um Ihre Zeitvorgaben zu erf\u00fcllen. Bei Bedarf k\u00f6nnen wir ein Team von zwei oder drei \u00dcbersetzern zusammenstellen, um die Bearbeitungszeit zu verk\u00fcrzen. Allerdings wird in diesem Fall bei einer \u00dcbersetzung auch ein Arbeitsschritt zur Angleichung der unterschiedlichen Stile und der Terminologie notwendig.<\/p>\n<h3>Angleichung der unterschiedlichen Stile und der Terminologie notwendig. W\u00e4re es nicht besser, direkt freie \u00dcbersetzer zu beauftragen?<\/h3>\n<p><strong>Omnilingua<\/strong> hat sowohl die Ressourcen f\u00fcr ein mehrsprachiges Projekt, die am besten geeigneten und f\u00e4higsten \u00dcbersetzer zu finden, als auch die notwendige Managementerfahrung zur Koordination von Projekten \u00fcber Landesgrenzen hinweg. \u00dcbersetzungsprojekte nehmen viel Zeit in Anspruch und erfordern ein hohes fachliches Niveau. Indem Sie Omnilingua die Kontrolle \u00fcber diese Arbeit \u00fcbertragen, ersparen Sie Ihrem Management viel Zeit und \u00c4rger.[\/et_pb_text][\/et_pb_column][et_pb_column type=&#8221;1_2&#8243; _builder_version=&#8221;4.19.5&#8243; _module_preset=&#8221;default&#8221; z_index=&#8221;10&#8243; custom_padding=&#8221;30px|20px|30px|20px|true|true&#8221; custom_padding_tablet=&#8221;|0px|||true|false&#8221; custom_padding_phone=&#8221;|0px|||true|false&#8221; custom_padding_last_edited=&#8221;off|tablet&#8221; global_colors_info=&#8221;{}&#8221;][et_pb_text _builder_version=&#8221;4.19.5&#8243; _module_preset=&#8221;default&#8221; header_3_font=&#8221;Mulish|600|||||||&#8221; header_3_text_color=&#8221;#10ac84&#8243; header_3_font_size=&#8221;20px&#8221; header_3_line_height=&#8221;1.2em&#8221; custom_padding=&#8221;|0px||0px|false|true&#8221; global_colors_info=&#8221;{}&#8221;]<\/p>\n<h3>Wenn Omnilingua aus irgendeinem Grund seinen \u00dcbersetzer wechseln muss, wie werden dann ein einheitlicher Stil und eine einheitliche Terminologie gew\u00e4hrleistet?<\/h3>\n<p>Wir senden immer jedwedes verf\u00fcgbare Material oder vorhandene Glossare zu neuen \u00dcbersetzern. Omnilingua kann themen- und sprachenspezifische Glossare f\u00fcr seine Kunden erstellen. Diese Glossare sind von unsch\u00e4tzbarem Wert f\u00fcr Folge\u00fcbersetzer.<\/p>\n<h3>Das zu \u00fcbersetzende Material ist sehr speziell. Wie kann ich sicher sein, dass es mit der von uns erwarteten Genauigkeit \u00fcbersetzt wird?<\/h3>\n<p>Planen Sie bitte ausreichend Zeit f\u00fcr Ihr Projekt ein. Mehr Zeit bedeutet weniger Fehler und gr\u00f6\u00dfere Genauigkeit und erlaubt einen vollst\u00e4ndigen Korrekturzyklus. Omnilingua h\u00e4lt es f\u00fcr wichtig, die internationalen Partner Ihrer Firma fr\u00fchzeitig in den Kontrollprozess mit einzubeziehen, um deren fachliches Wissen zu nutzen. Au\u00dferdem minimiert Omnilingua Fehler. Dokumente werden strengen Kontrollverfahren unterzogen, nicht nur nach der \u00dcbersetzung sondern auch nach DTP\/Schriftsatz und vor dem Druck.<\/p>\n<h3>Derzeit nutzen wir unsere eigenen Angestellten, wie zum Beispiel \u00dcbersetzer und zweisprachige Mitarbeiter. Warum sollten wir also wechseln?<\/h3>\n<p>\u00dcbersetzer sind Fremdsprachenexperten. Sie kennen ihre Fachgebiete und ihre Grenzen. Firmeneigene mehrsprachige Mitarbeiter k\u00f6nnten w\u00e4hrend eines Projektes erkennen, dass dieses \u00fcber ihre sprachlichen F\u00e4higkeiten hinausgeht.[\/et_pb_text][\/et_pb_column][\/et_pb_row][\/et_pb_section]<\/p>\n","protected":false},"excerpt":{"rendered":"<p>Fragen und AntwortenIch brauche ein vollst\u00e4ndiges Design oder eine druckfertige Bearbeitung meines Auftrages. Welche Programme kann ich verwenden? Omnilingua kann Auftr\u00e4ge mit den meisten Textverarbeitungs- und DTP-Programmen wie QuarkXpress, FrameMaker und PageMaker bearbeiten. Komplexe Layoutarbeiten werden von erfahrenen Spezialisten mit einschl\u00e4giger Erfahrung im Fremdsprachensatz\/DTP ausgef\u00fchrt. Ich brauche die Anfertigung dringend f\u00fcr eine wichtige Konferenz n\u00e4chste [&hellip;]<\/p>\n","protected":false},"author":1,"featured_media":0,"parent":0,"menu_order":0,"comment_status":"closed","ping_status":"closed","template":"","meta":{"_et_pb_use_builder":"on","_et_pb_old_content":"","_et_gb_content_width":"","_monsterinsights_skip_tracking":false,"_monsterinsights_sitenote_active":false,"_monsterinsights_sitenote_note":"","_monsterinsights_sitenote_category":0,"footnotes":""},"_links":{"self":[{"href":"https:\/\/www.omnilingua.co.uk\/healthcare\/wp-json\/wp\/v2\/pages\/659"}],"collection":[{"href":"https:\/\/www.omnilingua.co.uk\/healthcare\/wp-json\/wp\/v2\/pages"}],"about":[{"href":"https:\/\/www.omnilingua.co.uk\/healthcare\/wp-json\/wp\/v2\/types\/page"}],"author":[{"embeddable":true,"href":"https:\/\/www.omnilingua.co.uk\/healthcare\/wp-json\/wp\/v2\/users\/1"}],"replies":[{"embeddable":true,"href":"https:\/\/www.omnilingua.co.uk\/healthcare\/wp-json\/wp\/v2\/comments?post=659"}],"version-history":[{"count":3,"href":"https:\/\/www.omnilingua.co.uk\/healthcare\/wp-json\/wp\/v2\/pages\/659\/revisions"}],"predecessor-version":[{"id":920,"href":"https:\/\/www.omnilingua.co.uk\/healthcare\/wp-json\/wp\/v2\/pages\/659\/revisions\/920"}],"wp:attachment":[{"href":"https:\/\/www.omnilingua.co.uk\/healthcare\/wp-json\/wp\/v2\/media?parent=659"}],"curies":[{"name":"wp","href":"https:\/\/api.w.org\/{rel}","templated":true}]}}