{"id":651,"date":"2023-02-12T21:33:34","date_gmt":"2023-02-12T21:33:34","guid":{"rendered":"http:\/\/ildworks.com\/builds\/omni\/healthcare\/?page_id=651"},"modified":"2023-03-12T18:32:12","modified_gmt":"2023-03-12T18:32:12","slug":"questions-frequentes","status":"publish","type":"page","link":"https:\/\/www.omnilingua.co.uk\/healthcare\/fr\/questions-frequentes\/","title":{"rendered":"Questions Fr\u00e9quentes"},"content":{"rendered":"<p>[et_pb_section fb_built=&#8221;1&#8243; disabled_on=&#8221;off|off|off&#8221; admin_label=&#8221;About&#8221; _builder_version=&#8221;4.19.5&#8243; _module_preset=&#8221;default&#8221; custom_padding=&#8221;0px||0px||true|false&#8221; locked=&#8221;off&#8221; collapsed=&#8221;off&#8221; global_colors_info=&#8221;{}&#8221;][et_pb_row use_custom_gutter=&#8221;on&#8221; gutter_width=&#8221;1&#8243; make_equal=&#8221;on&#8221; _builder_version=&#8221;4.19.5&#8243; _module_preset=&#8221;default&#8221; width=&#8221;100%&#8221; max_width=&#8221;100%&#8221; custom_padding=&#8221;0px||0px||true|false&#8221; global_colors_info=&#8221;{}&#8221;][et_pb_column type=&#8221;4_4&#8243; _builder_version=&#8221;4.19.5&#8243; _module_preset=&#8221;default&#8221; background_color=&#8221;#10ac84&#8243; background_image=&#8221;https:\/\/www.omnilingua.co.uk\/healthcare\/wp-content\/uploads\/sites\/2\/2023\/02\/Omni-26.jpg&#8221; background_blend=&#8221;multiply&#8221; custom_padding=&#8221;8%|10%|8%|10%|true|true&#8221; global_colors_info=&#8221;{}&#8221;][et_pb_text _builder_version=&#8221;4.19.5&#8243; _module_preset=&#8221;b327cbe4-b1d5-4b66-ad37-40c8f2f061ba&#8221; header_font=&#8221;|||on|||||&#8221; header_text_align=&#8221;center&#8221; header_text_color=&#8221;#f9f9f9&#8243; header_font_size=&#8221;50px&#8221; header_2_font=&#8221;Playfair Display|700|||||||&#8221; header_2_text_color=&#8221;#000000&#8243; header_2_font_size=&#8221;45px&#8221; header_2_line_height=&#8221;1.35em&#8221; custom_margin=&#8221;||||false|false&#8221; header_2_font_size_tablet=&#8221;32px&#8221; header_2_font_size_phone=&#8221;20px&#8221; header_2_font_size_last_edited=&#8221;on|desktop&#8221; global_colors_info=&#8221;{}&#8221;]<\/p>\n<h1>Questions Fr\u00e9quentes<\/h1>\n<p>[\/et_pb_text][\/et_pb_column][\/et_pb_row][\/et_pb_section][et_pb_section fb_built=&#8221;1&#8243; admin_label=&#8221;Header&#8221; _builder_version=&#8221;4.19.5&#8243; _module_preset=&#8221;default&#8221; background_color=&#8221;#f0f9f3&#8243; custom_padding=&#8221;||||true|false&#8221; collapsed=&#8221;on&#8221; global_colors_info=&#8221;{}&#8221;][et_pb_row column_structure=&#8221;1_2,1_2&#8243; use_custom_gutter=&#8221;on&#8221; gutter_width=&#8221;1&#8243; make_equal=&#8221;on&#8221; _builder_version=&#8221;4.20.2&#8243; _module_preset=&#8221;default&#8221; width=&#8221;90%&#8221; custom_padding=&#8221;0px||0px||false|true&#8221; hover_enabled=&#8221;0&#8243; module_alignment_tablet=&#8221;center&#8221; module_alignment_phone=&#8221;center&#8221; module_alignment_last_edited=&#8221;off|desktop&#8221; global_colors_info=&#8221;{}&#8221; max_width=&#8221;1920px&#8221; sticky_enabled=&#8221;0&#8243;][et_pb_column type=&#8221;1_2&#8243; _builder_version=&#8221;4.19.5&#8243; _module_preset=&#8221;default&#8221; z_index=&#8221;10&#8243; custom_padding=&#8221;30px|20px|30px|20px|true|true&#8221; custom_padding_tablet=&#8221;|0px|||true|false&#8221; custom_padding_phone=&#8221;|0px|||true|false&#8221; custom_padding_last_edited=&#8221;off|tablet&#8221; global_colors_info=&#8221;{}&#8221;][et_pb_text _builder_version=&#8221;4.19.5&#8243; _module_preset=&#8221;default&#8221; header_3_font=&#8221;Mulish|600|||||||&#8221; header_3_text_color=&#8221;#10ac84&#8243; header_3_font_size=&#8221;20px&#8221; header_3_line_height=&#8221;1.2em&#8221; custom_padding=&#8221;|0px||0px|false|true&#8221; global_colors_info=&#8221;{}&#8221;]<\/p>\n<h3>J\u2019ai besoin d\u2019un document pr\u00eat \u00e0 imprimer. Quel logiciel utiliser?<\/h3>\n<p><strong>Omnilingua<\/strong> peut effectuer vos travaux dans la plupart des logiciels de traitement de texte et d\u2019\u00e9ditique existant \u00e0 l\u2019heure actuelle, notamment Quark, Framemaker et Pagemaker. Pour une pr\u00e9sentation plus \u00e9labor\u00e9e, nous faisons appel \u00e0 des sp\u00e9cialistes de la mise en page de documents en langues \u00e9trang\u00e8res.<\/p>\n<h3>J\u2019ai besoin de vos services pour une conf\u00e9rence qui a lieu la semaine prochaine. Le travail sera-t-il pr\u00eat \u00e0 temps?<\/h3>\n<p>Pour maintenir une qualit\u00e9 optimale, Omnilingua ne travaille que dans des d\u00e9lais raisonnables. Toutefois, nous nous efforcerons de r\u00e9pondre au mieux \u00e0 vos exigences. Nous pouvons, si n\u00e9cessaire, partager le travail entre deux ou trois de nos sous-traitants pour \u00e9courter les d\u00e9lais. Dans le cas d\u2019une traduction, il faudra alors pr\u00e9voir un travail d\u2019harmonisation de la terminologie et du style.<\/p>\n<h3>Ne serait-il pas pr\u00e9f\u00e9rable de contacter nous-m\u00eame des traducteurs ind\u00e9pendants?<\/h3>\n<p>Forte de son exp\u00e9rience dans la gestion et la coordination de projets \u00e0 l\u2019\u00e9chelle internationale, Omnilingua contactera pour vous les traducteurs les plus comp\u00e9tents pour la r\u00e9alisation de vos travaux. Ces activit\u00e9s requi\u00e8rent du temps et un haut niveau de sp\u00e9cialisation. Confier vos travaux \u00e0 Omnilingua vous \u00e9pargne les pertes de temps et d\u2019argent.[\/et_pb_text][\/et_pb_column][et_pb_column type=&#8221;1_2&#8243; _builder_version=&#8221;4.19.5&#8243; _module_preset=&#8221;default&#8221; z_index=&#8221;10&#8243; custom_padding=&#8221;30px|20px|30px|20px|true|true&#8221; custom_padding_tablet=&#8221;|0px|||true|false&#8221; custom_padding_phone=&#8221;|0px|||true|false&#8221; custom_padding_last_edited=&#8221;off|tablet&#8221; global_colors_info=&#8221;{}&#8221;][et_pb_text _builder_version=&#8221;4.19.5&#8243; _module_preset=&#8221;default&#8221; header_3_font=&#8221;Mulish|600|||||||&#8221; header_3_text_color=&#8221;#10ac84&#8243; header_3_font_size=&#8221;20px&#8221; header_3_line_height=&#8221;1.2em&#8221; custom_padding=&#8221;|0px||0px|false|true&#8221; global_colors_info=&#8221;{}&#8221;]<\/p>\n<h3>Si, pour une raison quelconque, Omnilingua est amen\u00e9e a changer de traducteur, comment peut-elle garantir l\u2019homog\u00e9n\u00e9it\u00e9 terminologique et stylistique des traductions?<\/h3>\n<p>Nous transmettons toujours aux nouveaux traducteurs les lexiques et autres documents de r\u00e9f\u00e9rence n\u00e9cessaires. Omnilingua peut \u00e9galement \u00e9laborer des glossaires sp\u00e9cifiques en fonction des besoins linguistiques et du domaine d\u2019activit\u00e9 de chaque client. Ces documents sont des outils de r\u00e9f\u00e9rence indispensables aux traducteurs occasionnels.<\/p>\n<h3>La documentation m\u00e9dicale est particuli\u00e8rement pointue. Comment avoir la certitude que la traduction atteindra le niveau de pr\u00e9cision requis?<\/h3>\n<p>Il est n\u00e9cessaire dans un premier temps de fixer des d\u00e9lais suffisants : disposer de plus de temps permet de minimiser les erreurs, d\u2019am\u00e9liorer la pr\u00e9cision et d\u2019int\u00e9grer \u00e9ventuellement une phase de r\u00e9vision. La politique d\u2019Omnilingua est de faire appel \u00e0 vos partenaires \u00e9trangers d\u00e8s le d\u00e9but du processus de r\u00e9vision, afin de profiter de leur connaissance des produits. Enfin, avec Omnilingua, le risque d\u2019erreur est minime \u2013 les documents font l\u2019objet de v\u00e9rifications strictes, non seulement apr\u00e8s le travail de traduction, mais \u00e9galement apr\u00e8s la mise en page et avant la phase d\u2019impression.<\/p>\n<h3>Nous avons jusqu\u2019ici toujours eu recours \u00e0 nos propres traducteurs et personnels bilingues. Pourquoi faire appel \u00e0 des sp\u00e9cialistes externes ?<\/h3>\n<p>Les traducteurs sont des professionnels. Ils ont des domaines de sp\u00e9cialisation, mais connaissent aussi leurs limites. Les comp\u00e9tences linguistiques du personnel bilingue travaillant dans l\u2019entreprise peuvent se r\u00e9v\u00e9ler insuffisantes au cours m\u00eame de l\u2019ex\u00e9cution d\u2019un projet, ce qui risque d\u2019entra\u00eener des retards et autres complications pour l\u2019entreprise.[\/et_pb_text][\/et_pb_column][\/et_pb_row][\/et_pb_section]<\/p>\n","protected":false},"excerpt":{"rendered":"<p>Questions Fr\u00e9quentesJ\u2019ai besoin d\u2019un document pr\u00eat \u00e0 imprimer. Quel logiciel utiliser? Omnilingua peut effectuer vos travaux dans la plupart des logiciels de traitement de texte et d\u2019\u00e9ditique existant \u00e0 l\u2019heure actuelle, notamment Quark, Framemaker et Pagemaker. Pour une pr\u00e9sentation plus \u00e9labor\u00e9e, nous faisons appel \u00e0 des sp\u00e9cialistes de la mise en page de documents en [&hellip;]<\/p>\n","protected":false},"author":1,"featured_media":0,"parent":0,"menu_order":0,"comment_status":"closed","ping_status":"closed","template":"","meta":{"_et_pb_use_builder":"on","_et_pb_old_content":"","_et_gb_content_width":"","_monsterinsights_skip_tracking":false,"_monsterinsights_sitenote_active":false,"_monsterinsights_sitenote_note":"","_monsterinsights_sitenote_category":0,"footnotes":""},"_links":{"self":[{"href":"https:\/\/www.omnilingua.co.uk\/healthcare\/wp-json\/wp\/v2\/pages\/651"}],"collection":[{"href":"https:\/\/www.omnilingua.co.uk\/healthcare\/wp-json\/wp\/v2\/pages"}],"about":[{"href":"https:\/\/www.omnilingua.co.uk\/healthcare\/wp-json\/wp\/v2\/types\/page"}],"author":[{"embeddable":true,"href":"https:\/\/www.omnilingua.co.uk\/healthcare\/wp-json\/wp\/v2\/users\/1"}],"replies":[{"embeddable":true,"href":"https:\/\/www.omnilingua.co.uk\/healthcare\/wp-json\/wp\/v2\/comments?post=651"}],"version-history":[{"count":3,"href":"https:\/\/www.omnilingua.co.uk\/healthcare\/wp-json\/wp\/v2\/pages\/651\/revisions"}],"predecessor-version":[{"id":916,"href":"https:\/\/www.omnilingua.co.uk\/healthcare\/wp-json\/wp\/v2\/pages\/651\/revisions\/916"}],"wp:attachment":[{"href":"https:\/\/www.omnilingua.co.uk\/healthcare\/wp-json\/wp\/v2\/media?parent=651"}],"curies":[{"name":"wp","href":"https:\/\/api.w.org\/{rel}","templated":true}]}}